{"id":36463,"date":"2024-02-07T16:04:44","date_gmt":"2024-02-07T19:04:44","guid":{"rendered":"https:\/\/www.bancocmf.com.ar\/plazo-fijo-web\/"},"modified":"2024-04-04T21:47:55","modified_gmt":"2024-04-05T00:47:55","slug":"plazo-fijo-web","status":"publish","type":"page","link":"https:\/\/www.bancocmf.com.ar\/en\/plazo-fijo-web\/","title":{"rendered":"Plazo fijo web"},"content":{"rendered":"\n<div class=\"wp-block-columns are-vertically-aligned-center box-datos-economicos-header is-layout-flex wp-container-core-columns-is-layout-28f84493 wp-block-columns-is-layout-flex\" id=\"box-banca-electronica-header\">\n<div class=\"wp-block-column is-vertically-aligned-center class-c is-layout-flow wp-block-column-is-layout-flow\">\n<div class=\"wp-block-columns are-vertically-aligned-center is-layout-flex wp-container-core-columns-is-layout-28f84493 wp-block-columns-is-layout-flex\">\n<div class=\"wp-block-column is-vertically-aligned-center is-layout-flow wp-block-column-is-layout-flow\">\n<div class=\"wp-block-columns is-layout-flex wp-container-core-columns-is-layout-28f84493 wp-block-columns-is-layout-flex\">\n<div class=\"wp-block-column is-vertically-aligned-center is-layout-flow wp-block-column-is-layout-flow\">\n<h2 class=\"wp-block-heading has-text-align-center\">Plazo fijo web<\/h2>\n\n\n\n<p class=\"has-text-align-center\">Realiz\u00e1 tu plazo fijo en pesos de forma online, seas o no cliente del banco. <br>Y acced\u00e9 a una tasa preferencial.<\/p>\n<\/div>\n<\/div>\n<\/div>\n<\/div>\n<\/div>\n<\/div>\n\n\n\n<div class=\"wp-block-columns box-separador is-layout-flex wp-container-core-columns-is-layout-28f84493 wp-block-columns-is-layout-flex\">\n<div class=\"wp-block-column is-layout-flow wp-block-column-is-layout-flow\">\n<div class=\"wp-block-columns is-layout-flex wp-container-core-columns-is-layout-28f84493 wp-block-columns-is-layout-flex\"><\/div>\n<\/div>\n<\/div>\n\n\n\n<div class=\"wp-block-columns is-layout-flex wp-container-core-columns-is-layout-28f84493 wp-block-columns-is-layout-flex\" id=\"form-7-2\">\n<div class=\"wp-block-column class-c is-layout-flow wp-block-column-is-layout-flow\">\n<div class=\"wp-block-columns is-layout-flex wp-container-core-columns-is-layout-28f84493 wp-block-columns-is-layout-flex\">\n<div class=\"wp-block-column is-layout-flow wp-block-column-is-layout-flow\">\n<figure class=\"wp-block-image size-full img-pf\"><img decoding=\"async\" width=\"1984\" height=\"526\" data-src=\"\/wp-content\/uploads\/plazo-fijo.png\" alt=\"\" class=\"wp-image-32392 lazyload\" data-srcset=\"\/wp-content\/uploads\/\/plazo-fijo.png 1984w, \/wp-content\/uploads\/\/plazo-fijo-300x80.png 300w, \/wp-content\/uploads\/\/plazo-fijo-1024x271.png 1024w, \/wp-content\/uploads\/\/plazo-fijo-768x204.png 768w, \/wp-content\/uploads\/\/plazo-fijo-50x13.png 50w, \/wp-content\/uploads\/\/plazo-fijo-1600x424.png 1600w, \/wp-content\/uploads\/\/plazo-fijo-1536x407.png 1536w\" data-sizes=\"(max-width: 1984px) 100vw, 1984px\" src=\"data:image\/svg+xml;base64,PHN2ZyB3aWR0aD0iMSIgaGVpZ2h0PSIxIiB4bWxucz0iaHR0cDovL3d3dy53My5vcmcvMjAwMC9zdmciPjwvc3ZnPg==\" style=\"--smush-placeholder-width: 1984px; --smush-placeholder-aspect-ratio: 1984\/526;\" \/><\/figure>\n\n\n\n<div class=\"wp-block-uagb-advanced-heading uagb-block-35a74a63\"><h2 class=\"uagb-heading-text\">Simul\u00e1 tu plazo fijo<\/h2><\/div>\n<\/div>\n<\/div>\n\n\n\n<div class=\"wp-block-columns is-layout-flex wp-container-core-columns-is-layout-28f84493 wp-block-columns-is-layout-flex\">\n<div class=\"wp-block-column is-layout-flow wp-block-column-is-layout-flow\">\n<div class=\"wp-block-columns is-layout-flex wp-container-core-columns-is-layout-28f84493 wp-block-columns-is-layout-flex\">\n<div class=\"wp-block-column box-style-form is-layout-flow wp-block-column-is-layout-flow\" style=\"flex-basis:50%\">\n<div id=\"box-pf\"><input aria-invalid=\"false\" placeholder=\"* Capital a invertir\" value=\"\" type=\"text\" name=\"capital\">\n<input aria-invalid=\"false\" placeholder=\"* Plazo (en d\u00edas)\" value=\"\" type=\"text\" name=\"dias\">\n<div id=\"box-pf-btn\">\n<input type=\"reset\" value=\"Borrar\">\n<input  type=\"submit\" value=\"Simular\"><\/div>\n<b>* Campos Obligatorios<\/b>\n<\/div>\n<\/div>\n\n\n\n<div class=\"wp-block-column is-layout-flow wp-block-column-is-layout-flow\" style=\"flex-basis:50%\">\n<p class=\"has-text-align-center txt-form-right txt-pf\"><strong>\u00bfNecesit\u00e1s ayuda?<\/strong> Contactanos a <a href=\"mailto:PFweb@bancocmf.com.ar\" target=\"_blank\" rel=\"noreferrer noopener\">PFweb@bancocmf.com.ar<\/a><\/p>\n<\/div>\n<\/div>\n<\/div>\n<\/div>\n<\/div>\n<\/div>\n","protected":false},"excerpt":{"rendered":"<p>Plazo fijo web Realiz\u00e1 tu plazo fijo en pesos de forma online, seas o no cliente del banco. Y acced\u00e9 a una tasa preferencial. Simul\u00e1 tu plazo fijo * Campos Obligatorios \u00bfNecesit\u00e1s ayuda? Contactanos a PFweb@bancocmf.com.ar<\/p>\n","protected":false},"author":3,"featured_media":0,"parent":0,"menu_order":0,"comment_status":"closed","ping_status":"closed","template":"","meta":{"_uag_custom_page_level_css":"","advgb_blocks_editor_width":"","advgb_blocks_columns_visual_guide":"","site-sidebar-layout":"default","site-content-layout":"","ast-site-content-layout":"default","site-content-style":"default","site-sidebar-style":"default","ast-global-header-display":"","ast-banner-title-visibility":"","ast-main-header-display":"","ast-hfb-above-header-display":"","ast-hfb-below-header-display":"","ast-hfb-mobile-header-display":"","site-post-title":"","ast-breadcrumbs-content":"","ast-featured-img":"","footer-sml-layout":"","ast-disable-related-posts":"","theme-transparent-header-meta":"","adv-header-id-meta":"","stick-header-meta":"","header-above-stick-meta":"","header-main-stick-meta":"","header-below-stick-meta":"","astra-migrate-meta-layouts":"default","ast-page-background-enabled":"default","ast-page-background-meta":{"desktop":{"background-color":"var(--ast-global-color-4)","background-image":"","background-repeat":"repeat","background-position":"center center","background-size":"auto","background-attachment":"scroll","background-type":"","background-media":"","overlay-type":"","overlay-color":"","overlay-opacity":"","overlay-gradient":""},"tablet":{"background-color":"","background-image":"","background-repeat":"repeat","background-position":"center center","background-size":"auto","background-attachment":"scroll","background-type":"","background-media":"","overlay-type":"","overlay-color":"","overlay-opacity":"","overlay-gradient":""},"mobile":{"background-color":"","background-image":"","background-repeat":"repeat","background-position":"center center","background-size":"auto","background-attachment":"scroll","background-type":"","background-media":"","overlay-type":"","overlay-color":"","overlay-opacity":"","overlay-gradient":""}},"ast-content-background-meta":{"desktop":{"background-color":"var(--ast-global-color-5)","background-image":"","background-repeat":"repeat","background-position":"center center","background-size":"auto","background-attachment":"scroll","background-type":"","background-media":"","overlay-type":"","overlay-color":"","overlay-opacity":"","overlay-gradient":""},"tablet":{"background-color":"var(--ast-global-color-5)","background-image":"","background-repeat":"repeat","background-position":"center center","background-size":"auto","background-attachment":"scroll","background-type":"","background-media":"","overlay-type":"","overlay-color":"","overlay-opacity":"","overlay-gradient":""},"mobile":{"background-color":"var(--ast-global-color-5)","background-image":"","background-repeat":"repeat","background-position":"center center","background-size":"auto","background-attachment":"scroll","background-type":"","background-media":"","overlay-type":"","overlay-color":"","overlay-opacity":"","overlay-gradient":""}},"_joinchat":[],"footnotes":""},"class_list":["post-36463","page","type-page","status-publish","hentry"],"yoast_head":"<!-- This site is optimized with the Yoast SEO plugin v27.2 - https:\/\/yoast.com\/product\/yoast-seo-wordpress\/ -->\n<title>Plazo fijo web - Banco CMF<\/title>\n<meta name=\"robots\" content=\"index, follow, max-snippet:-1, max-image-preview:large, max-video-preview:-1\" \/>\n<link rel=\"canonical\" href=\"https:\/\/www.bancocmf.com.ar\/en\/plazo-fijo-web\/\" \/>\n<meta property=\"og:locale\" content=\"en_US\" \/>\n<meta property=\"og:type\" content=\"article\" \/>\n<meta property=\"og:title\" content=\"Plazo fijo web - Banco CMF\" \/>\n<meta property=\"og:description\" content=\"Plazo fijo web Realiz\u00e1 tu plazo fijo en pesos de forma online, seas o no cliente del banco. Y acced\u00e9 a una tasa preferencial. Simul\u00e1 tu plazo fijo * Campos Obligatorios \u00bfNecesit\u00e1s ayuda? Contactanos a PFweb@bancocmf.com.ar\" \/>\n<meta property=\"og:url\" content=\"https:\/\/www.bancocmf.com.ar\/en\/plazo-fijo-web\/\" \/>\n<meta property=\"og:site_name\" content=\"Banco CMF\" \/>\n<meta property=\"article:publisher\" content=\"https:\/\/www.facebook.com\/BancoCMF\" \/>\n<meta property=\"article:modified_time\" content=\"2024-04-05T00:47:55+00:00\" \/>\n<meta property=\"og:image\" content=\"https:\/\/www.bancocmf.com.ar\/wp-content\/uploads\/Cmf-Logo.png\" \/>\n\t<meta property=\"og:image:width\" content=\"254\" \/>\n\t<meta property=\"og:image:height\" content=\"106\" \/>\n\t<meta property=\"og:image:type\" content=\"image\/png\" \/>\n<meta name=\"twitter:card\" content=\"summary_large_image\" \/>\n<meta name=\"twitter:site\" content=\"@BancoCMF\" \/>\n<meta name=\"twitter:label1\" content=\"Est. reading time\" \/>\n\t<meta name=\"twitter:data1\" content=\"1 minute\" \/>\n<script type=\"application\/ld+json\" class=\"yoast-schema-graph\">{\"@context\":\"https:\/\/schema.org\",\"@graph\":[{\"@type\":\"WebPage\",\"@id\":\"https:\/\/www.bancocmf.com.ar\/en\/plazo-fijo-web\/\",\"url\":\"https:\/\/www.bancocmf.com.ar\/en\/plazo-fijo-web\/\",\"name\":\"Plazo fijo web - Banco CMF\",\"isPartOf\":{\"@id\":\"https:\/\/www.bancocmf.com.ar\/#website\"},\"datePublished\":\"2024-02-07T19:04:44+00:00\",\"dateModified\":\"2024-04-05T00:47:55+00:00\",\"inLanguage\":\"en-US\",\"potentialAction\":[{\"@type\":\"ReadAction\",\"target\":[\"https:\/\/www.bancocmf.com.ar\/en\/plazo-fijo-web\/\"]}]},{\"@type\":\"WebSite\",\"@id\":\"https:\/\/www.bancocmf.com.ar\/#website\",\"url\":\"https:\/\/www.bancocmf.com.ar\/\",\"name\":\"Banco CMF\",\"description\":\"Valor es conocerte\",\"publisher\":{\"@id\":\"https:\/\/www.bancocmf.com.ar\/#organization\"},\"alternateName\":\"CMF\",\"potentialAction\":[{\"@type\":\"SearchAction\",\"target\":{\"@type\":\"EntryPoint\",\"urlTemplate\":\"https:\/\/www.bancocmf.com.ar\/?s={search_term_string}\"},\"query-input\":{\"@type\":\"PropertyValueSpecification\",\"valueRequired\":true,\"valueName\":\"search_term_string\"}}],\"inLanguage\":\"en-US\"},{\"@type\":\"Organization\",\"@id\":\"https:\/\/www.bancocmf.com.ar\/#organization\",\"name\":\"Banco CMF\",\"alternateName\":\"CMF\",\"url\":\"https:\/\/www.bancocmf.com.ar\/\",\"logo\":{\"@type\":\"ImageObject\",\"inLanguage\":\"en-US\",\"@id\":\"https:\/\/www.bancocmf.com.ar\/#\/schema\/logo\/image\/\",\"url\":\"\/wp-content\/uploads\/2023\/12\/cmf-banco-corporativo.png\",\"contentUrl\":\"\/wp-content\/uploads\/2023\/12\/cmf-banco-corporativo.png\",\"width\":254,\"height\":106,\"caption\":\"Banco CMF\"},\"image\":{\"@id\":\"https:\/\/www.bancocmf.com.ar\/#\/schema\/logo\/image\/\"},\"sameAs\":[\"https:\/\/www.facebook.com\/BancoCMF\",\"https:\/\/x.com\/BancoCMF\",\"https:\/\/www.linkedin.com\/company\/bancocmf\/\"]}]}<\/script>\n<!-- \/ Yoast SEO plugin. -->","yoast_head_json":{"title":"Plazo fijo web - Banco CMF","robots":{"index":"index","follow":"follow","max-snippet":"max-snippet:-1","max-image-preview":"max-image-preview:large","max-video-preview":"max-video-preview:-1"},"canonical":"https:\/\/www.bancocmf.com.ar\/en\/plazo-fijo-web\/","og_locale":"en_US","og_type":"article","og_title":"Plazo fijo web - Banco CMF","og_description":"Plazo fijo web Realiz\u00e1 tu plazo fijo en pesos de forma online, seas o no cliente del banco. Y acced\u00e9 a una tasa preferencial. Simul\u00e1 tu plazo fijo * Campos Obligatorios \u00bfNecesit\u00e1s ayuda? Contactanos a PFweb@bancocmf.com.ar","og_url":"https:\/\/www.bancocmf.com.ar\/en\/plazo-fijo-web\/","og_site_name":"Banco CMF","article_publisher":"https:\/\/www.facebook.com\/BancoCMF","article_modified_time":"2024-04-05T00:47:55+00:00","og_image":[{"width":254,"height":106,"url":"https:\/\/www.bancocmf.com.ar\/wp-content\/uploads\/Cmf-Logo.png","type":"image\/png"}],"twitter_card":"summary_large_image","twitter_site":"@BancoCMF","twitter_misc":{"Est. reading time":"1 minute"},"schema":{"@context":"https:\/\/schema.org","@graph":[{"@type":"WebPage","@id":"https:\/\/www.bancocmf.com.ar\/en\/plazo-fijo-web\/","url":"https:\/\/www.bancocmf.com.ar\/en\/plazo-fijo-web\/","name":"Plazo fijo web - Banco CMF","isPartOf":{"@id":"https:\/\/www.bancocmf.com.ar\/#website"},"datePublished":"2024-02-07T19:04:44+00:00","dateModified":"2024-04-05T00:47:55+00:00","inLanguage":"en-US","potentialAction":[{"@type":"ReadAction","target":["https:\/\/www.bancocmf.com.ar\/en\/plazo-fijo-web\/"]}]},{"@type":"WebSite","@id":"https:\/\/www.bancocmf.com.ar\/#website","url":"https:\/\/www.bancocmf.com.ar\/","name":"Banco CMF","description":"Valor es conocerte","publisher":{"@id":"https:\/\/www.bancocmf.com.ar\/#organization"},"alternateName":"CMF","potentialAction":[{"@type":"SearchAction","target":{"@type":"EntryPoint","urlTemplate":"https:\/\/www.bancocmf.com.ar\/?s={search_term_string}"},"query-input":{"@type":"PropertyValueSpecification","valueRequired":true,"valueName":"search_term_string"}}],"inLanguage":"en-US"},{"@type":"Organization","@id":"https:\/\/www.bancocmf.com.ar\/#organization","name":"Banco CMF","alternateName":"CMF","url":"https:\/\/www.bancocmf.com.ar\/","logo":{"@type":"ImageObject","inLanguage":"en-US","@id":"https:\/\/www.bancocmf.com.ar\/#\/schema\/logo\/image\/","url":"\/wp-content\/uploads\/2023\/12\/cmf-banco-corporativo.png","contentUrl":"\/wp-content\/uploads\/2023\/12\/cmf-banco-corporativo.png","width":254,"height":106,"caption":"Banco CMF"},"image":{"@id":"https:\/\/www.bancocmf.com.ar\/#\/schema\/logo\/image\/"},"sameAs":["https:\/\/www.facebook.com\/BancoCMF","https:\/\/x.com\/BancoCMF","https:\/\/www.linkedin.com\/company\/bancocmf\/"]}]}},"uagb_featured_image_src":{"full":false,"thumbnail":false,"medium":false,"medium_large":false,"large":false,"gs-tiny":false,"xl":false,"xxl":false,"xxxl":false,"xxxxl":false,"xxxxxl":false,"1536x1536":false,"2048x2048":false},"uagb_author_info":{"display_name":"Natalia Damele","author_link":"https:\/\/www.bancocmf.com.ar\/en\/author\/natalia_flux\/"},"uagb_comment_info":0,"uagb_excerpt":"Plazo fijo web Realiz\u00e1 tu plazo fijo en pesos de forma online, seas o no cliente del banco. Y acced\u00e9 a una tasa preferencial. Simul\u00e1 tu plazo fijo * Campos Obligatorios \u00bfNecesit\u00e1s ayuda? Contactanos a PFweb@bancocmf.com.ar","coauthors":[],"author_meta":{"author_link":"https:\/\/www.bancocmf.com.ar\/en\/author\/natalia_flux\/","display_name":"Natalia Damele"},"relative_dates":{"created":"Posted 2 years ago","modified":"Updated 2 years ago"},"absolute_dates":{"created":"Posted on February 7, 2024","modified":"Updated on April 4, 2024"},"absolute_dates_time":{"created":"Posted on February 7, 2024 4:04 pm","modified":"Updated on April 4, 2024 9:47 pm"},"featured_img_caption":"","featured_img":false,"series_order":"","_links":{"self":[{"href":"https:\/\/www.bancocmf.com.ar\/en\/wp-json\/wp\/v2\/pages\/36463","targetHints":{"allow":["GET"]}}],"collection":[{"href":"https:\/\/www.bancocmf.com.ar\/en\/wp-json\/wp\/v2\/pages"}],"about":[{"href":"https:\/\/www.bancocmf.com.ar\/en\/wp-json\/wp\/v2\/types\/page"}],"author":[{"embeddable":true,"href":"https:\/\/www.bancocmf.com.ar\/en\/wp-json\/wp\/v2\/users\/3"}],"replies":[{"embeddable":true,"href":"https:\/\/www.bancocmf.com.ar\/en\/wp-json\/wp\/v2\/comments?post=36463"}],"version-history":[{"count":1,"href":"https:\/\/www.bancocmf.com.ar\/en\/wp-json\/wp\/v2\/pages\/36463\/revisions"}],"predecessor-version":[{"id":36464,"href":"https:\/\/www.bancocmf.com.ar\/en\/wp-json\/wp\/v2\/pages\/36463\/revisions\/36464"}],"wp:attachment":[{"href":"https:\/\/www.bancocmf.com.ar\/en\/wp-json\/wp\/v2\/media?parent=36463"}],"curies":[{"name":"wp","href":"https:\/\/api.w.org\/{rel}","templated":true}]}}