{"id":28999,"date":"2024-01-09T12:51:06","date_gmt":"2024-01-09T15:51:06","guid":{"rendered":"https:\/\/www.bancocmf.com.ar\/cyberseguridad\/"},"modified":"2026-03-26T14:26:34","modified_gmt":"2026-03-26T17:26:34","slug":"cybersecurity","status":"publish","type":"page","link":"https:\/\/www.bancocmf.com.ar\/en\/cybersecurity\/","title":{"rendered":"Cybersecurity"},"content":{"rendered":"\n<div class=\"wp-block-columns are-vertically-aligned-center header-sustentabilidad is-layout-flex wp-container-core-columns-is-layout-28f84493 wp-block-columns-is-layout-flex\" id=\"box-news-header\">\n<div class=\"wp-block-column is-vertically-aligned-center class-c is-layout-flow wp-block-column-is-layout-flow\">\n<div class=\"wp-block-columns are-vertically-aligned-center is-layout-flex wp-container-core-columns-is-layout-28f84493 wp-block-columns-is-layout-flex\">\n<div class=\"wp-block-column is-vertically-aligned-center is-layout-flow wp-block-column-is-layout-flow\">\n<div class=\"wp-block-columns are-vertically-aligned-center is-layout-flex wp-container-core-columns-is-layout-28f84493 wp-block-columns-is-layout-flex\">\n<div class=\"wp-block-column is-vertically-aligned-center is-layout-flow wp-block-column-is-layout-flow\">\n<h2 class=\"wp-block-heading\">Cybersecurity<\/h2>\n\n\n\n<p>Stay up to date on the latest best practices and take care of your digital security.<\/p>\n<\/div>\n\n\n\n<div class=\"wp-block-column is-vertically-aligned-center is-layout-flow wp-block-column-is-layout-flow\">\n<figure class=\"wp-block-image aligncenter size-full\"><img decoding=\"async\" width=\"533\" height=\"640\" data-src=\"\/wp-content\/uploads\/2024\/01\/Cyberseguridad.png\" alt=\"\" class=\"wp-image-25643 lazyload\" data-srcset=\"\/wp-content\/uploads\/2024\/01\/Cyberseguridad.png 533w, \/wp-content\/uploads\/2024\/01\/Cyberseguridad-250x300.png 250w, \/wp-content\/uploads\/2024\/01\/Cyberseguridad-50x60.png 50w\" data-sizes=\"(max-width: 533px) 100vw, 533px\" src=\"data:image\/svg+xml;base64,PHN2ZyB3aWR0aD0iMSIgaGVpZ2h0PSIxIiB4bWxucz0iaHR0cDovL3d3dy53My5vcmcvMjAwMC9zdmciPjwvc3ZnPg==\" style=\"--smush-placeholder-width: 533px; --smush-placeholder-aspect-ratio: 533\/640;\" \/><\/figure>\n<\/div>\n<\/div>\n<\/div>\n<\/div>\n<\/div>\n<\/div>\n\n\n\n<div class=\"wp-block-columns box-separador is-layout-flex wp-container-core-columns-is-layout-28f84493 wp-block-columns-is-layout-flex\">\n<div class=\"wp-block-column is-layout-flow wp-block-column-is-layout-flow\">\n<div class=\"wp-block-columns is-layout-flex wp-container-core-columns-is-layout-28f84493 wp-block-columns-is-layout-flex\">\n<div class=\"wp-block-column is-layout-flow wp-block-column-is-layout-flow\"><\/div>\n<\/div>\n<\/div>\n<\/div>\n\n\n\n<div class=\"wp-block-columns alignfull are-vertically-aligned-center tecnicamente-fundamentalista pre-market text-h4-box is-layout-flex wp-container-core-columns-is-layout-28f84493 wp-block-columns-is-layout-flex\" id=\"posts-box-all\">\n<div class=\"wp-block-column is-vertically-aligned-center class-c is-layout-flow wp-block-column-is-layout-flow\">\n<div class=\"wp-block-columns is-layout-flex wp-container-core-columns-is-layout-28f84493 wp-block-columns-is-layout-flex\">\n<div class=\"wp-block-column is-layout-flow wp-block-column-is-layout-flow\">\n<p class=\"border-text\">Online security is a top priority, which is why we&#8217;re sharing some essential tips to ensure your data is protected and keep your online experience safe.<br>These guidelines will help you use electronic banking reliably.<\/p>\n\n\n\n<p><strong>Recommendations<\/strong>:<\/p>\n\n\n\n<ol id=\"lista-numeros\" class=\"wp-block-list\">\n<li>If you are unaware of an operation or suspect fraud, contact 4318-6800 or by email at <strong><a href=\"mailto:ayudabe@bancocmf.com.ar\">ayudabe@bancocmf.com.ar<\/a><\/strong><\/li>\n\n\n\n<li>When creating your username\/password, remember that it should be easy for you to remember.<\/li>\n\n\n\n<li>Do not access online banking through links received via email.<\/li>\n\n\n\n<li>Do not access online banking by searching for the bank&#8217;s name in your browser; type the address.<\/li>\n\n\n\n<li>Avoid using easily guessable passwords (birthdays, parts of phone or document, etc.).<\/li>\n\n\n\n<li>Your USERNAME\/PASSWORD is personal, and no one should ask for it for any transaction.<\/li>\n\n\n\n<li>Ensure that the &#8220;lock&#8221; symbol appears in the top left of your browser when connecting to the bank, validating the connection as secure.<\/li>\n\n\n\n<li>Do not save the password in emails or any other type of file.<\/li>\n\n\n\n<li>Do not send sensitive information via email or physical means.<\/li>\n\n\n\n<li>Use antivirus software on your devices and update it periodically.<\/li>\n\n\n\n<li>Use a firewall and antispyware.<\/li>\n\n\n\n<li>Update the operating system on your devices whenever a vulnerability is disclosed, or have the automatic update system activated.<\/li>\n\n\n\n<li>Report any anomalies to the bank.<\/li>\n<\/ol>\n\n\n\n<div class=\"wp-block-columns is-layout-flex wp-container-core-columns-is-layout-28f84493 wp-block-columns-is-layout-flex\">\n<div class=\"wp-block-column is-layout-flow wp-block-column-is-layout-flow\">\n<p>For more information, see the article:<br><br><strong><a href=\"https:\/\/www.bancocmf.com.ar\/en\/phishing-como-reconocer-correos-falsos-y-proteger-tu-informacion-personal\/\" target=\"_blank\" rel=\"noreferrer noopener\">Phishing: How to recognize fake emails and protect your personal information. <\/a><\/strong><\/p>\n\n\n\n<p><a href=\"https:\/\/www.bancocmf.com.ar\/en\/phishing-como-reconocer-correos-falsos-y-proteger-tu-informacion-personal-2\/\" target=\"_blank\" rel=\"noreferrer noopener\"><strong>Seguridad en dispositivos m\u00f3viles: c\u00f3mo protegerse frente a amenazas digitales<\/strong><\/a><\/p>\n\n\n\n<p><a href=\"https:\/\/www.bancocmf.com.ar\/en\/phishing-como-reconocer-correos-falsos-y-proteger-tu-informacion-personal-4\/\" target=\"_blank\" rel=\"noreferrer noopener\"><strong>Mobile Device Security: How to Protect Yourself Against Digital Threats<\/strong><\/a><\/p>\n\n\n\n<p><a href=\"https:\/\/www.bancocmf.com.ar\/en\/phishing-como-reconocer-correos-falsos-y-proteger-tu-informacion-personal-5\/\" target=\"_blank\" rel=\"noreferrer noopener\"><strong>Social Engineering: manipulation and deception<\/strong><\/a><\/p>\n\n\n\n<p><a href=\"https:\/\/www.bancocmf.com.ar\/en\/conexiones-seguras-wi-fi-y-vpn\/\" target=\"_blank\" rel=\"noreferrer noopener\"><strong>Secure Connections: Wi-Fi and VPN<\/strong><\/a><\/p>\n\n\n\n<p><a href=\"https:\/\/www.bancocmf.com.ar\/en\/fraudes-financieros-online-2\/\" target=\"_blank\" rel=\"noreferrer noopener\"><strong>Online Financial Fraud<\/strong><\/a><\/p>\n\n\n\n<p><a href=\"https:\/\/www.bancocmf.com.ar\/en\/conexiones-seguras-wi-fi-y-vpn-3\/\" target=\"_blank\" rel=\"noreferrer noopener\"><strong>Safe Social Media: Protect Your Information and Online Identity<\/strong><\/a><\/p>\n\n\n\n<p><strong><a href=\"https:\/\/www.bancocmf.com.ar\/en\/conexiones-seguras-wi-fi-y-vpn-4\/\" target=\"_blank\" rel=\"noreferrer noopener\">Backups: your backup copies, your best protection<\/a><\/strong><\/p>\n\n\n\n<p><a href=\"https:\/\/www.bancocmf.com.ar\/en\/conexiones-seguras-wi-fi-y-vpn-5\/\"><strong>Software updates and patches: key protection for your devices<\/strong><\/a><\/p>\n\n\n\n<p><a href=\"https:\/\/www.bancocmf.com.ar\/en\/educacion-continua-en-ciberseguridad\/\"><strong>Ongoing cybersecurity education<\/strong><\/a><\/p>\n\n\n\n<p><a href=\"https:\/\/www.bancocmf.com.ar\/en\/educacion-continua-en-ciberseguridad-2\/\"><strong>Banking malware: how silent threats operate in digital environments<\/strong><\/a><\/p>\n<\/div>\n<\/div>\n<\/div>\n<\/div>\n<\/div>\n<\/div>\n","protected":false},"excerpt":{"rendered":"<p>Cybersecurity Stay up to date on the latest best practices and take care of your digital security. Online security is a top priority, which is why we&#8217;re sharing some essential tips to ensure your data is protected and keep your online experience safe.These guidelines will help you use electronic banking reliably. Recommendations: For more information, see the article: Phishing: How to recognize fake emails and protect your personal information. Seguridad en dispositivos m\u00f3viles: c\u00f3mo protegerse frente a amenazas digitales Mobile Device Security: How to Protect Yourself Against Digital Threats Social Engineering: manipulation and deception Secure Connections: Wi-Fi and VPN Online [&hellip;]<\/p>\n","protected":false},"author":3,"featured_media":0,"parent":0,"menu_order":0,"comment_status":"closed","ping_status":"closed","template":"","meta":{"_uag_custom_page_level_css":"","advgb_blocks_editor_width":"","advgb_blocks_columns_visual_guide":"","site-sidebar-layout":"default","site-content-layout":"","ast-site-content-layout":"","site-content-style":"default","site-sidebar-style":"default","ast-global-header-display":"","ast-banner-title-visibility":"","ast-main-header-display":"","ast-hfb-above-header-display":"","ast-hfb-below-header-display":"","ast-hfb-mobile-header-display":"","site-post-title":"","ast-breadcrumbs-content":"","ast-featured-img":"","footer-sml-layout":"","ast-disable-related-posts":"","theme-transparent-header-meta":"","adv-header-id-meta":"","stick-header-meta":"","header-above-stick-meta":"","header-main-stick-meta":"","header-below-stick-meta":"","astra-migrate-meta-layouts":"default","ast-page-background-enabled":"default","ast-page-background-meta":{"desktop":{"background-color":"var(--ast-global-color-4)","background-image":"","background-repeat":"repeat","background-position":"center center","background-size":"auto","background-attachment":"scroll","background-type":"","background-media":"","overlay-type":"","overlay-color":"","overlay-opacity":"","overlay-gradient":""},"tablet":{"background-color":"","background-image":"","background-repeat":"repeat","background-position":"center center","background-size":"auto","background-attachment":"scroll","background-type":"","background-media":"","overlay-type":"","overlay-color":"","overlay-opacity":"","overlay-gradient":""},"mobile":{"background-color":"","background-image":"","background-repeat":"repeat","background-position":"center center","background-size":"auto","background-attachment":"scroll","background-type":"","background-media":"","overlay-type":"","overlay-color":"","overlay-opacity":"","overlay-gradient":""}},"ast-content-background-meta":{"desktop":{"background-color":"var(--ast-global-color-5)","background-image":"","background-repeat":"repeat","background-position":"center center","background-size":"auto","background-attachment":"scroll","background-type":"","background-media":"","overlay-type":"","overlay-color":"","overlay-opacity":"","overlay-gradient":""},"tablet":{"background-color":"var(--ast-global-color-5)","background-image":"","background-repeat":"repeat","background-position":"center center","background-size":"auto","background-attachment":"scroll","background-type":"","background-media":"","overlay-type":"","overlay-color":"","overlay-opacity":"","overlay-gradient":""},"mobile":{"background-color":"var(--ast-global-color-5)","background-image":"","background-repeat":"repeat","background-position":"center center","background-size":"auto","background-attachment":"scroll","background-type":"","background-media":"","overlay-type":"","overlay-color":"","overlay-opacity":"","overlay-gradient":""}},"_joinchat":[],"footnotes":""},"class_list":["post-28999","page","type-page","status-publish","hentry"],"yoast_head":"<!-- This site is optimized with the Yoast SEO plugin v27.2 - https:\/\/yoast.com\/product\/yoast-seo-wordpress\/ -->\n<title>Cybersecurity - Banco CMF<\/title>\n<meta name=\"description\" content=\"Mantenete actualizado sobre las \u00faltimas pr\u00e1cticas recomendadas y cuid\u00e1 tu seguridad digital.\" \/>\n<meta name=\"robots\" content=\"index, follow, max-snippet:-1, max-image-preview:large, max-video-preview:-1\" \/>\n<link rel=\"canonical\" href=\"https:\/\/www.bancocmf.com.ar\/en\/cybersecurity\/\" \/>\n<meta property=\"og:locale\" content=\"en_US\" \/>\n<meta property=\"og:type\" content=\"article\" \/>\n<meta property=\"og:title\" content=\"Cybersecurity - Banco CMF\" \/>\n<meta property=\"og:description\" content=\"Mantenete actualizado sobre las \u00faltimas pr\u00e1cticas recomendadas y cuid\u00e1 tu seguridad digital.\" \/>\n<meta property=\"og:url\" content=\"https:\/\/www.bancocmf.com.ar\/en\/cybersecurity\/\" \/>\n<meta property=\"og:site_name\" content=\"Banco CMF\" \/>\n<meta property=\"article:publisher\" content=\"https:\/\/www.facebook.com\/BancoCMF\" \/>\n<meta property=\"article:modified_time\" content=\"2026-03-26T17:26:34+00:00\" \/>\n<meta property=\"og:image\" content=\"https:\/\/www.bancocmf.com.ar\/wp-content\/uploads\/Cmf-Logo.png\" \/>\n\t<meta property=\"og:image:width\" content=\"254\" \/>\n\t<meta property=\"og:image:height\" content=\"106\" \/>\n\t<meta property=\"og:image:type\" content=\"image\/png\" \/>\n<meta name=\"twitter:card\" content=\"summary_large_image\" \/>\n<meta name=\"twitter:site\" content=\"@BancoCMF\" \/>\n<meta name=\"twitter:label1\" content=\"Est. reading time\" \/>\n\t<meta name=\"twitter:data1\" content=\"2 minutes\" \/>\n<script type=\"application\/ld+json\" class=\"yoast-schema-graph\">{\"@context\":\"https:\/\/schema.org\",\"@graph\":[{\"@type\":\"WebPage\",\"@id\":\"https:\/\/www.bancocmf.com.ar\/en\/cybersecurity\/\",\"url\":\"https:\/\/www.bancocmf.com.ar\/en\/cybersecurity\/\",\"name\":\"Cybersecurity - Banco CMF\",\"isPartOf\":{\"@id\":\"https:\/\/www.bancocmf.com.ar\/#website\"},\"datePublished\":\"2024-01-09T15:51:06+00:00\",\"dateModified\":\"2026-03-26T17:26:34+00:00\",\"description\":\"Mantenete actualizado sobre las \u00faltimas pr\u00e1cticas recomendadas y cuid\u00e1 tu seguridad digital.\",\"inLanguage\":\"en-US\",\"potentialAction\":[{\"@type\":\"ReadAction\",\"target\":[\"https:\/\/www.bancocmf.com.ar\/en\/cybersecurity\/\"]}]},{\"@type\":\"WebSite\",\"@id\":\"https:\/\/www.bancocmf.com.ar\/#website\",\"url\":\"https:\/\/www.bancocmf.com.ar\/\",\"name\":\"Banco CMF\",\"description\":\"Valor es conocerte\",\"publisher\":{\"@id\":\"https:\/\/www.bancocmf.com.ar\/#organization\"},\"alternateName\":\"CMF\",\"potentialAction\":[{\"@type\":\"SearchAction\",\"target\":{\"@type\":\"EntryPoint\",\"urlTemplate\":\"https:\/\/www.bancocmf.com.ar\/?s={search_term_string}\"},\"query-input\":{\"@type\":\"PropertyValueSpecification\",\"valueRequired\":true,\"valueName\":\"search_term_string\"}}],\"inLanguage\":\"en-US\"},{\"@type\":\"Organization\",\"@id\":\"https:\/\/www.bancocmf.com.ar\/#organization\",\"name\":\"Banco CMF\",\"alternateName\":\"CMF\",\"url\":\"https:\/\/www.bancocmf.com.ar\/\",\"logo\":{\"@type\":\"ImageObject\",\"inLanguage\":\"en-US\",\"@id\":\"https:\/\/www.bancocmf.com.ar\/#\/schema\/logo\/image\/\",\"url\":\"\/wp-content\/uploads\/2023\/12\/cmf-banco-corporativo.png\",\"contentUrl\":\"\/wp-content\/uploads\/2023\/12\/cmf-banco-corporativo.png\",\"width\":254,\"height\":106,\"caption\":\"Banco CMF\"},\"image\":{\"@id\":\"https:\/\/www.bancocmf.com.ar\/#\/schema\/logo\/image\/\"},\"sameAs\":[\"https:\/\/www.facebook.com\/BancoCMF\",\"https:\/\/x.com\/BancoCMF\",\"https:\/\/www.linkedin.com\/company\/bancocmf\/\"]}]}<\/script>\n<!-- \/ Yoast SEO plugin. -->","yoast_head_json":{"title":"Cybersecurity - Banco CMF","description":"Mantenete actualizado sobre las \u00faltimas pr\u00e1cticas recomendadas y cuid\u00e1 tu seguridad digital.","robots":{"index":"index","follow":"follow","max-snippet":"max-snippet:-1","max-image-preview":"max-image-preview:large","max-video-preview":"max-video-preview:-1"},"canonical":"https:\/\/www.bancocmf.com.ar\/en\/cybersecurity\/","og_locale":"en_US","og_type":"article","og_title":"Cybersecurity - Banco CMF","og_description":"Mantenete actualizado sobre las \u00faltimas pr\u00e1cticas recomendadas y cuid\u00e1 tu seguridad digital.","og_url":"https:\/\/www.bancocmf.com.ar\/en\/cybersecurity\/","og_site_name":"Banco CMF","article_publisher":"https:\/\/www.facebook.com\/BancoCMF","article_modified_time":"2026-03-26T17:26:34+00:00","og_image":[{"width":254,"height":106,"url":"https:\/\/www.bancocmf.com.ar\/wp-content\/uploads\/Cmf-Logo.png","type":"image\/png"}],"twitter_card":"summary_large_image","twitter_site":"@BancoCMF","twitter_misc":{"Est. reading time":"2 minutes"},"schema":{"@context":"https:\/\/schema.org","@graph":[{"@type":"WebPage","@id":"https:\/\/www.bancocmf.com.ar\/en\/cybersecurity\/","url":"https:\/\/www.bancocmf.com.ar\/en\/cybersecurity\/","name":"Cybersecurity - Banco CMF","isPartOf":{"@id":"https:\/\/www.bancocmf.com.ar\/#website"},"datePublished":"2024-01-09T15:51:06+00:00","dateModified":"2026-03-26T17:26:34+00:00","description":"Mantenete actualizado sobre las \u00faltimas pr\u00e1cticas recomendadas y cuid\u00e1 tu seguridad digital.","inLanguage":"en-US","potentialAction":[{"@type":"ReadAction","target":["https:\/\/www.bancocmf.com.ar\/en\/cybersecurity\/"]}]},{"@type":"WebSite","@id":"https:\/\/www.bancocmf.com.ar\/#website","url":"https:\/\/www.bancocmf.com.ar\/","name":"Banco CMF","description":"Valor es conocerte","publisher":{"@id":"https:\/\/www.bancocmf.com.ar\/#organization"},"alternateName":"CMF","potentialAction":[{"@type":"SearchAction","target":{"@type":"EntryPoint","urlTemplate":"https:\/\/www.bancocmf.com.ar\/?s={search_term_string}"},"query-input":{"@type":"PropertyValueSpecification","valueRequired":true,"valueName":"search_term_string"}}],"inLanguage":"en-US"},{"@type":"Organization","@id":"https:\/\/www.bancocmf.com.ar\/#organization","name":"Banco CMF","alternateName":"CMF","url":"https:\/\/www.bancocmf.com.ar\/","logo":{"@type":"ImageObject","inLanguage":"en-US","@id":"https:\/\/www.bancocmf.com.ar\/#\/schema\/logo\/image\/","url":"\/wp-content\/uploads\/2023\/12\/cmf-banco-corporativo.png","contentUrl":"\/wp-content\/uploads\/2023\/12\/cmf-banco-corporativo.png","width":254,"height":106,"caption":"Banco CMF"},"image":{"@id":"https:\/\/www.bancocmf.com.ar\/#\/schema\/logo\/image\/"},"sameAs":["https:\/\/www.facebook.com\/BancoCMF","https:\/\/x.com\/BancoCMF","https:\/\/www.linkedin.com\/company\/bancocmf\/"]}]}},"uagb_featured_image_src":{"full":false,"thumbnail":false,"medium":false,"medium_large":false,"large":false,"gs-tiny":false,"xl":false,"xxl":false,"xxxl":false,"xxxxl":false,"xxxxxl":false,"1536x1536":false,"2048x2048":false},"uagb_author_info":{"display_name":"Natalia Damele","author_link":"https:\/\/www.bancocmf.com.ar\/en\/author\/natalia_flux\/"},"uagb_comment_info":0,"uagb_excerpt":"Cybersecurity Stay up to date on the latest best practices and take care of your digital security. Online security is a top priority, which is why we&#8217;re sharing some essential tips to ensure your data is protected and keep your online experience safe.These guidelines will help you use electronic banking reliably. Recommendations: For more information,&hellip;","coauthors":[],"author_meta":{"author_link":"https:\/\/www.bancocmf.com.ar\/en\/author\/natalia_flux\/","display_name":"Natalia Damele"},"relative_dates":{"created":"Posted 2 years ago","modified":"Updated 3 weeks ago"},"absolute_dates":{"created":"Posted on January 9, 2024","modified":"Updated on March 26, 2026"},"absolute_dates_time":{"created":"Posted on January 9, 2024 12:51 pm","modified":"Updated on March 26, 2026 2:26 pm"},"featured_img_caption":"","featured_img":false,"series_order":"","_links":{"self":[{"href":"https:\/\/www.bancocmf.com.ar\/en\/wp-json\/wp\/v2\/pages\/28999","targetHints":{"allow":["GET"]}}],"collection":[{"href":"https:\/\/www.bancocmf.com.ar\/en\/wp-json\/wp\/v2\/pages"}],"about":[{"href":"https:\/\/www.bancocmf.com.ar\/en\/wp-json\/wp\/v2\/types\/page"}],"author":[{"embeddable":true,"href":"https:\/\/www.bancocmf.com.ar\/en\/wp-json\/wp\/v2\/users\/3"}],"replies":[{"embeddable":true,"href":"https:\/\/www.bancocmf.com.ar\/en\/wp-json\/wp\/v2\/comments?post=28999"}],"version-history":[{"count":20,"href":"https:\/\/www.bancocmf.com.ar\/en\/wp-json\/wp\/v2\/pages\/28999\/revisions"}],"predecessor-version":[{"id":46624,"href":"https:\/\/www.bancocmf.com.ar\/en\/wp-json\/wp\/v2\/pages\/28999\/revisions\/46624"}],"wp:attachment":[{"href":"https:\/\/www.bancocmf.com.ar\/en\/wp-json\/wp\/v2\/media?parent=28999"}],"curies":[{"name":"wp","href":"https:\/\/api.w.org\/{rel}","templated":true}]}}